{"id":36,"date":"2023-08-05T18:54:02","date_gmt":"2023-08-05T16:54:02","guid":{"rendered":"https:\/\/isihandmade.at\/wordpress\/?page_id=36"},"modified":"2023-08-06T16:21:12","modified_gmt":"2023-08-06T14:21:12","slug":"impressum","status":"publish","type":"page","link":"https:\/\/isihandmade.at\/wordpress\/impressum\/","title":{"rendered":"Impressum"},"content":{"rendered":"\t\t<div data-elementor-type=\"wp-page\" data-elementor-id=\"36\" class=\"elementor elementor-36\">\n\t\t\t\t\t\t<section class=\"elementor-section elementor-top-section elementor-element elementor-element-1d21a81 elementor-section-boxed elementor-section-height-default elementor-section-height-default\" data-id=\"1d21a81\" data-element_type=\"section\" data-e-type=\"section\">\n\t\t\t\t\t\t<div class=\"elementor-container elementor-column-gap-default\">\n\t\t\t\t\t<div class=\"elementor-column elementor-col-100 elementor-top-column elementor-element elementor-element-e5a4aa9\" data-id=\"e5a4aa9\" data-element_type=\"column\" data-e-type=\"column\">\n\t\t\t<div class=\"elementor-widget-wrap elementor-element-populated\">\n\t\t\t\t\t\t<div class=\"elementor-element elementor-element-100a4da elementor-widget elementor-widget-heading\" data-id=\"100a4da\" data-element_type=\"widget\" data-e-type=\"widget\" data-widget_type=\"heading.default\">\n\t\t\t\t<div class=\"elementor-widget-container\">\n\t\t\t\t\t<h1 class=\"elementor-heading-title elementor-size-default\">Impressum<\/h1>\t\t\t\t<\/div>\n\t\t\t\t<\/div>\n\t\t\t\t\t<\/div>\n\t\t<\/div>\n\t\t\t\t\t<\/div>\n\t\t<\/section>\n\t\t\t\t<section class=\"elementor-section elementor-top-section elementor-element elementor-element-f103e88 elementor-section-boxed elementor-section-height-default elementor-section-height-default\" data-id=\"f103e88\" data-element_type=\"section\" data-e-type=\"section\">\n\t\t\t\t\t\t<div class=\"elementor-container elementor-column-gap-default\">\n\t\t\t\t\t<div class=\"elementor-column elementor-col-100 elementor-top-column elementor-element elementor-element-8b4a364\" data-id=\"8b4a364\" data-element_type=\"column\" data-e-type=\"column\">\n\t\t\t<div class=\"elementor-widget-wrap elementor-element-populated\">\n\t\t\t\t\t\t<div class=\"elementor-element elementor-element-4f8e4d4 elementor-widget elementor-widget-text-editor\" data-id=\"4f8e4d4\" data-element_type=\"widget\" data-e-type=\"widget\" data-widget_type=\"text-editor.default\">\n\t\t\t\t<div class=\"elementor-widget-container\">\n\t\t\t\t\t\t\t\t\t<div id=\"outputdiv\"><p><b>Informationen und Offenlegung gem\u00e4\u00df \u00a7 25 MedienG, \u00a75 (1) ECG \u00a7 63 GewO und \u00a7 14 UGB<\/b><\/p><p><b>Betreiber der Webseite:<\/b> Iris Hebenstreit<\/p><p><b>Anschrift:<\/b> Tanzenbergweg 2, 9063, Maria Saal, \u00d6sterreich<\/p><p><b>Umsatzsteueridentifikationsnummer:<\/b> Umsatzsteuerbefreit (Kleinunternehmer gem. \u00a7 6 Abs. 1 Z 27 UStG) <br \/><b>Gewerbeaufsichtbeh\u00f6rde:<\/b> Bezirkshautmannschaft Klagenfurt <br \/><b>Mitgliedschaften:<\/b>Mitglied der WKO<\/p><p><b>Kontaktdaten:<\/b> <br \/>Telefon: 0660\/7372741 <br \/>Email: isi.handmade@gmx.at<\/p><p><b>Anwendbare Rechtsvorschrift:<\/b> www.ris.bka.gv.at <br \/><b>Berufsbezeichnung:<\/b> Inhaberin<\/p><p><b>Online Streitbeilegung:<\/b> Verbraucher mit einer Niederlassung in \u00d6sterreich oder einem sonstigen Vertragsstaat der ODR-VO, haben die M\u00f6glichkeit bei Problemen hinsichtlich des entgeltlichen Kaufs von Waren oder Dienstleistungen die Online-Streitbelegung der Europ\u00e4ischen Kommission \u00fcber folgende Plattform in Anspruch zu nehmen https:\/\/ec.europa.eu\/consumers\/odr<\/p><p><b>Urheberrecht:<\/b> Die auf dieser Webseite zur Verf\u00fcgung gestellten Inhalte unterliegen, soweit dies rechtlich m\u00f6glich ist, diversen Schutzrechten (z.B dem Urheberrecht). Eine Verwendung oder Verbreitung von bereitgestelltem Material, bedarf der schriftlichen Zustimmung des Webseitenbetreibers.<\/p><p><b>Haftungsausschluss:<\/b> Der Betreiber dieser Webseite hat alle Inhalte sowie ausgehende Links mit gr\u00f6\u00dftm\u00f6glichem Sorgfaltsma\u00dfstab kontrolliert und ausgew\u00e4hlt. Trotzdem wird keine Haftung f\u00fcr den Inhalt externer Webseiten \u00fcbernommen. F\u00fcr diesen ist ausschlie\u00dflich deren jeweiliger Betreiber verantwortlich. F\u00fcr den Fall, dass Sie auf ausgehende Links aufmerksam werden, welche auf eine Seite mit rechtswidriger T\u00e4tigkeit oder rechtswidrigem Inhalt verweisen, ersuchen wir um entsprechenden Hinweis an die obig angef\u00fchrte Email-Adresse, um betroffene Inhalt umgehend nach \u00a7 17 (2) ECG zu entfernen. <br \/>Die Urheberrechte Dritter werden vom Betreiber dieser Webseite mit gr\u00f6\u00dfter Sorgfalt beachtet. Sollten Sie auf eine Urheberrechtsverletzung aufmerksam werden, ersuchen wir auch um einen entsprechenden Hinweis. Bei Bekanntwerden derartiger Rechtsverletzungen wird der Webseitenbetreiber den betroffenen Inhalt umgehend entfernen.<\/p><p>Quelle: <b><a href=\"https:\/\/www.rechtstexte-generator.at\/impressum-generator-oesterreich\/\" target=\"_blank\" rel=\"noopener\">Impressum-Generator von rechtstexte-generator.at<\/a><\/b> in Kooperation mit <a href=\"http:\/\/krankenversicherung123.at\/\" target=\"_blank\" rel=\"noopener\">Private Krankenversicherung \u00d6sterreich<\/a><\/p><\/div>\t\t\t\t\t\t\t\t<\/div>\n\t\t\t\t<\/div>\n\t\t\t\t\t<\/div>\n\t\t<\/div>\n\t\t\t\t\t<\/div>\n\t\t<\/section>\n\t\t\t\t<\/div>\n\t\t","protected":false},"excerpt":{"rendered":"<p>Impressum Informationen und Offenlegung gem\u00e4\u00df \u00a7 25 MedienG, \u00a75 (1) ECG \u00a7 63 GewO und \u00a7 14 UGB Betreiber der Webseite: Iris Hebenstreit Anschrift: Tanzenbergweg 2, 9063, Maria Saal, \u00d6sterreich Umsatzsteueridentifikationsnummer: Umsatzsteuerbefreit (Kleinunternehmer gem. \u00a7 6 Abs. 1 Z 27 UStG) Gewerbeaufsichtbeh\u00f6rde: Bezirkshautmannschaft Klagenfurt Mitgliedschaften:Mitglied der WKO Kontaktdaten: Telefon: 0660\/7372741 Email: isi.handmade@gmx.at Anwendbare Rechtsvorschrift: www.ris.bka.gv.at [&hellip;]<\/p>\n","protected":false},"author":1,"featured_media":0,"parent":0,"menu_order":0,"comment_status":"closed","ping_status":"closed","template":"","meta":{"ocean_post_layout":"","ocean_both_sidebars_style":"","ocean_both_sidebars_content_width":0,"ocean_both_sidebars_sidebars_width":0,"ocean_sidebar":"0","ocean_second_sidebar":"0","ocean_disable_margins":"enable","ocean_add_body_class":"","ocean_shortcode_before_top_bar":"","ocean_shortcode_after_top_bar":"","ocean_shortcode_before_header":"","ocean_shortcode_after_header":"","ocean_has_shortcode":"","ocean_shortcode_after_title":"","ocean_shortcode_before_footer_widgets":"","ocean_shortcode_after_footer_widgets":"","ocean_shortcode_before_footer_bottom":"","ocean_shortcode_after_footer_bottom":"","ocean_display_top_bar":"default","ocean_display_header":"default","ocean_header_style":"","ocean_center_header_left_menu":"0","ocean_custom_header_template":"0","ocean_custom_logo":0,"ocean_custom_retina_logo":0,"ocean_custom_logo_max_width":0,"ocean_custom_logo_tablet_max_width":0,"ocean_custom_logo_mobile_max_width":0,"ocean_custom_logo_max_height":0,"ocean_custom_logo_tablet_max_height":0,"ocean_custom_logo_mobile_max_height":0,"ocean_header_custom_menu":"0","ocean_menu_typo_font_family":"0","ocean_menu_typo_font_subset":"","ocean_menu_typo_font_size":0,"ocean_menu_typo_font_size_tablet":0,"ocean_menu_typo_font_size_mobile":0,"ocean_menu_typo_font_size_unit":"px","ocean_menu_typo_font_weight":"","ocean_menu_typo_font_weight_tablet":"","ocean_menu_typo_font_weight_mobile":"","ocean_menu_typo_transform":"","ocean_menu_typo_transform_tablet":"","ocean_menu_typo_transform_mobile":"","ocean_menu_typo_line_height":0,"ocean_menu_typo_line_height_tablet":0,"ocean_menu_typo_line_height_mobile":0,"ocean_menu_typo_line_height_unit":"","ocean_menu_typo_spacing":0,"ocean_menu_typo_spacing_tablet":0,"ocean_menu_typo_spacing_mobile":0,"ocean_menu_typo_spacing_unit":"","ocean_menu_link_color":"","ocean_menu_link_color_hover":"","ocean_menu_link_color_active":"","ocean_menu_link_background":"","ocean_menu_link_hover_background":"","ocean_menu_link_active_background":"","ocean_menu_social_links_bg":"","ocean_menu_social_hover_links_bg":"","ocean_menu_social_links_color":"","ocean_menu_social_hover_links_color":"","ocean_disable_title":"default","ocean_disable_heading":"default","ocean_post_title":"","ocean_post_subheading":"","ocean_post_title_style":"","ocean_post_title_background_color":"","ocean_post_title_background":0,"ocean_post_title_bg_image_position":"","ocean_post_title_bg_image_attachment":"","ocean_post_title_bg_image_repeat":"","ocean_post_title_bg_image_size":"","ocean_post_title_height":0,"ocean_post_title_bg_overlay":0.5,"ocean_post_title_bg_overlay_color":"","ocean_disable_breadcrumbs":"default","ocean_breadcrumbs_color":"","ocean_breadcrumbs_separator_color":"","ocean_breadcrumbs_links_color":"","ocean_breadcrumbs_links_hover_color":"","ocean_display_footer_widgets":"default","ocean_display_footer_bottom":"default","ocean_custom_footer_template":"0","footnotes":""},"class_list":["post-36","page","type-page","status-publish","hentry","entry"],"_links":{"self":[{"href":"https:\/\/isihandmade.at\/wordpress\/wp-json\/wp\/v2\/pages\/36","targetHints":{"allow":["GET"]}}],"collection":[{"href":"https:\/\/isihandmade.at\/wordpress\/wp-json\/wp\/v2\/pages"}],"about":[{"href":"https:\/\/isihandmade.at\/wordpress\/wp-json\/wp\/v2\/types\/page"}],"author":[{"embeddable":true,"href":"https:\/\/isihandmade.at\/wordpress\/wp-json\/wp\/v2\/users\/1"}],"replies":[{"embeddable":true,"href":"https:\/\/isihandmade.at\/wordpress\/wp-json\/wp\/v2\/comments?post=36"}],"version-history":[{"count":10,"href":"https:\/\/isihandmade.at\/wordpress\/wp-json\/wp\/v2\/pages\/36\/revisions"}],"predecessor-version":[{"id":112,"href":"https:\/\/isihandmade.at\/wordpress\/wp-json\/wp\/v2\/pages\/36\/revisions\/112"}],"wp:attachment":[{"href":"https:\/\/isihandmade.at\/wordpress\/wp-json\/wp\/v2\/media?parent=36"}],"curies":[{"name":"wp","href":"https:\/\/api.w.org\/{rel}","templated":true}]}}